{"id":2,"date":"2013-05-03T07:11:47","date_gmt":"2013-05-03T07:11:47","guid":{"rendered":"http:\/\/localhost\/javierirurita\/noticias\/?page_id=2"},"modified":"2014-05-13T07:17:44","modified_gmt":"2014-05-13T07:17:44","slug":"aviso-legal","status":"publish","type":"page","link":"https:\/\/www.javierirurita.es\/noticias\/aviso-legal\/","title":{"rendered":"Aviso Legal"},"content":{"rendered":"<p><strong>Aviso Legal<\/strong><\/p>\n<p>El c\u00f3digo fuente, los dise\u00f1os gr\u00e1ficos, las im\u00e1genes, los textos, as\u00ed como la informaci\u00f3n y los contenidos que se recogen en www.javierirurita.es est\u00e1n protegidos por la legislaci\u00f3n espa\u00f1ola sobre los derechos de propiedad intelectual e industrial y no se permite la reproducci\u00f3n y\/o publicaci\u00f3n, total o parcial, del sitio web, sin el permiso previo y por escrito.<\/p>\n<p><strong>Pol\u00edtica de Privacidad<\/strong><\/p>\n<p>javierirurita.es\u00a0no recoge voluntariamente datos de car\u00e1cter personal de los usuarios de este Sitio Web. Los \u00fanicos datos que se solicitan de los Usuarios son aquellos que el usuario proporciona de forma voluntaria a trav\u00e9s de los diferentes formularios del sitio web. En consecuencia\u00a0javierirurita.es s\u00f3lo dispondr\u00e1 de datos personales de aquellos usuarios que voluntariamente quieran proporcion\u00e1rselos.<\/p>\n<p><strong>Condiciones Generales<\/strong><\/p>\n<p>javierirurita.es\u00a0se compromete a la prestaci\u00f3n al Cliente de los servicios solicitados de conformidad con los concretos t\u00e9rminos de cada servicio solicitado contenidos en las respectivas condiciones particulares reguladoras de cada uno de los mismos.<\/p>\n","protected":false},"excerpt":{"rendered":"<p>Aviso Legal<\/p>\n<p>El c\u00f3digo fuente, los dise\u00f1os gr\u00e1ficos, las im\u00e1genes, los textos, as\u00ed como la informaci\u00f3n y los contenidos que se recogen en www.javierirurita.es est\u00e1n protegidos por la legislaci\u00f3n espa\u00f1ola sobre los derechos de propiedad intelectual e industrial y no se permite la reproducci\u00f3n y\/o publicaci\u00f3n, total o parcial, del sitio web, sin el permiso previo [&#8230;]<\/p>\n","protected":false},"author":1,"featured_media":0,"parent":0,"menu_order":0,"comment_status":"open","ping_status":"open","template":"","meta":{"footnotes":""},"class_list":["post-2","page","type-page","status-publish","hentry"],"_links":{"self":[{"href":"https:\/\/www.javierirurita.es\/noticias\/wp-json\/wp\/v2\/pages\/2","targetHints":{"allow":["GET"]}}],"collection":[{"href":"https:\/\/www.javierirurita.es\/noticias\/wp-json\/wp\/v2\/pages"}],"about":[{"href":"https:\/\/www.javierirurita.es\/noticias\/wp-json\/wp\/v2\/types\/page"}],"author":[{"embeddable":true,"href":"https:\/\/www.javierirurita.es\/noticias\/wp-json\/wp\/v2\/users\/1"}],"replies":[{"embeddable":true,"href":"https:\/\/www.javierirurita.es\/noticias\/wp-json\/wp\/v2\/comments?post=2"}],"version-history":[{"count":3,"href":"https:\/\/www.javierirurita.es\/noticias\/wp-json\/wp\/v2\/pages\/2\/revisions"}],"predecessor-version":[{"id":83,"href":"https:\/\/www.javierirurita.es\/noticias\/wp-json\/wp\/v2\/pages\/2\/revisions\/83"}],"wp:attachment":[{"href":"https:\/\/www.javierirurita.es\/noticias\/wp-json\/wp\/v2\/media?parent=2"}],"curies":[{"name":"wp","href":"https:\/\/api.w.org\/{rel}","templated":true}]}}